{"id":1186,"date":"2024-05-22T11:52:46","date_gmt":"2024-05-22T11:52:46","guid":{"rendered":"https:\/\/srmpower.com.tr\/?page_id=1186"},"modified":"2024-12-10T03:24:16","modified_gmt":"2024-12-10T03:24:16","slug":"aydinlatma-metni","status":"publish","type":"page","link":"https:\/\/srmpower.com.tr\/en\/aydinlatma-metni\/","title":{"rendered":"Information Text"},"content":{"rendered":"<div class=\"wpb-content-wrapper\"><p>[vc_row][vc_column][vc_column_text]<span style=\"color: #000000;\">INFORMATION TEXT<\/span><\/p>\n<p><span style=\"color: #000000;\">This information text has been written to inform you about the personal data processed by SRM POWER ENERJ\u0130 ELEKTR\u0130K PANO SANAY\u0130 VE DI\u015e T\u0130C. LTD.\u015eT\u0130. (Company), which has the title of data controller, in accordance with the Law on the Protection of Personal Data No. 6698 (\u201cKVKK\u201d). In this context, we would like to inform you about the purposes of processing your personal data, the methods of collection and your rights arising from the Law.<\/span><br \/>\n<span style=\"color: #000000;\">1. Collection of Your Personal Data:<\/span><br \/>\n<span style=\"color: #000000;\">SRM POWER ENERJ\u0130 ELEKTR\u0130K PANO SANAY\u0130 VE DI\u015e T\u0130C. LTD.\u015eT\u0130. Due to your use of the services of (Company), your general and even special personal data provided to our Company for the purposes listed below, and the data included in your identity documents (e.g. blood group, health report, religion) may be processed:<\/span><br \/>\n<span style=\"color: #000000;\">\u2022\u00a0 \u00a0 \u00a0 \u00a0 \u00a0 \u00a0Your name, surname, TR ID No., date of birth and other identity data included in your identity card,<\/span><br \/>\n<span style=\"color: #000000;\">\u2022\u00a0 \u00a0 \u00a0 \u00a0 \u00a0 \u00a0Your address, telephone number, e-mail address, other communication data,<\/span><br \/>\n<span style=\"color: #000000;\">\u2022\u00a0 \u00a0 \u00a0 \u00a0 \u00a0 \u00a0Your financial data such as your bank account number, IBAN number, billing information,<\/span><br \/>\n<span style=\"color: #000000;\">\u2022\u00a0 \u00a0 \u00a0 \u00a0 \u00a0 \u00a0Your tax number, signature data, data written in the land registry record or rental agreement,<\/span><br \/>\n<span style=\"color: #000000;\">\u2022\u00a0 \u00a0 \u00a0 \u00a0 \u00a0 \u00a0Your visual\/audio data obtained within the framework of our certification exam, training, promotion, advertisement, campaign, social responsibility projects and activities,<\/span><br \/>\n<span style=\"color: #000000;\">\u2022\u00a0 \u00a0 \u00a0 \u00a0 \u00a0 \u00a0Your camera footage records, vehicle data such as license plate in case our workplaces are visited,<\/span><br \/>\n<span style=\"color: #000000;\">\u2022If you become a business partner of the COMPANY, your data such as activity certificate, professional chamber registration and similar professional data obtained within the scope of the execution of the contract, as well as bank account number, IBAN, signature circular, invoice information,<\/span><br \/>\n<span style=\"color: #000000;\">\u2022\u00a0 \u00a0 \u00a0 \u00a0 \u00a0 Your digital trace data such as IP address,<\/span><br \/>\n<span style=\"color: #000000;\">\u2022\u00a0 \u00a0 \u00a0 \u00a0 \u00a0If you choose to register or become a member of our services via social networks within the scope of this Personal Data Protection and Data Policy, you grant the COMPANY the authority to process, transfer and store the data sent to us by the social networks in question.<\/span><br \/>\n<span style=\"color: #000000;\">2. Purposes of Processing Your Personal Data: Your personal data will be processed by the COMPANY for the following purposes:<\/span><br \/>\n<span style=\"color: #000000;\">\u2022\u00a0 \u00a0 \u00a0 \u00a0 \u00a0Implementation of the COMPANY policies and ensuring the company organization,<\/span><br \/>\n<span style=\"color: #000000;\">\u2022\u00a0 \u00a0 \u00a0 \u00a0 \u00a0 \u00a0Provision of services that the COMPANY outsources from suppliers and that are necessary for the COMPANY to carry out its commercial activities,<\/span><br \/>\n<span style=\"color: #000000;\">\u2022\u00a0 \u00a0 \u00a0 \u00a0 \u00a0 \u00a0Fulfillment of the COMPANY\u2019s obligations arising from the legislation,<\/span><br \/>\n<span style=\"color: #000000;\">\u2022\u00a0 \u00a0 \u00a0 \u00a0 \u00a0 \u00a0Performing the necessary quality and standard audits of the COMPANY or fulfilling its reporting and other obligations determined by laws and regulations,<\/span><br \/>\n<span style=\"color: #000000;\">\u2022\u00a0 \u00a0 \u00a0 \u00a0 \u00a0 \u00a0Effective execution of the COMPANY\u2019s activities,<\/span><br \/>\n<span style=\"color: #000000;\">\u2022\u00a0 \u00a0 \u00a0 \u00a0 \u00a0 \u00a0Recording information regarding all kinds of accesses made on the internet in accordance with the \u201cLaw on Regulation of Publications Made on the Internet and Combating Crimes Committed through Such Publications\u201d,<\/span><br \/>\n<span style=\"color: #000000;\">\u2022 Making promotions or notifications via SMS,<\/span><br \/>\n<span style=\"color: #000000;\">\u2022 Conducting direct marketing by member organizations that cooperate with the COMPANY,<\/span><br \/>\n<span style=\"color: #000000;\">\u2022 Answering calls from you and to respond to your support needs,<\/span><br \/>\n<span style=\"color: #000000;\">\u2022 To develop our current and R&#038;D applications and to market the product during the management process,<\/span><br \/>\n<span style=\"color: #000000;\">\u2022 To review your COMPANY account upon your request or in case of complaints on social media,<\/span><br \/>\n<span style=\"color: #000000;\">\u2022 To finalize the complaint in case of a complaint regarding the services we provide,<\/span><br \/>\n<span style=\"color: #000000;\">\u2022 To use in various statistical evaluations, database creation and market research without disclosing the identity of the user,<\/span><br \/>\n<span style=\"color: #000000;\">\u2022 To increase service sales for the COMPANY, to ensure marketing and customer satisfaction analysis<\/span><\/p>\n<p><span style=\"color: #000000;\">\u2022 It may be processed for the purpose of ensuring general security and building safety.<\/span><\/p>\n<p><span style=\"color: #000000;\">3. Persons \/ organizations to whom personal data may be transferred for the purposes specified above;<\/span><br \/>\n<span style=\"color: #000000;\">Your personal data may be transferred to the relevant public institutions and organizations, offices from which legal consultancy services are received, auditing firms, business partners, shareholders, service providers, existing and future companies affiliated with the COMPANY within the scope of the obligations imposed on the COMPANY in the legislation for the purposes specified above.<\/span><\/p>\n<p><span style=\"color: #000000;\">4. Data Collection Method and Legal Reasons:<\/span><br \/>\n<span style=\"color: #000000;\">Your personal data may be collected by the COMPANY for the purposes specified above, through verbal, written, visual or electronic methods and for legal reasons arising from legislation and contractual obligations, primarily Law No. 6698.<\/span><\/p>\n<p><span style=\"color: #000000;\">5. Your rights pursuant to Article 11 of the KVKK:<\/span><br \/>\n<span style=\"color: #000000;\">You may apply to the COMPANY to;<\/span><br \/>\n<span style=\"color: #000000;\">a)\u00a0 \u00a0 \u00a0 \u00a0 \u00a0 \u00a0learn whether your personal data has been processed,<\/span><br \/>\n<span style=\"color: #000000;\">b)\u00a0 \u00a0 \u00a0 \u00a0 \u00a0 \u00a0request information if processed,<\/span><br \/>\n<span style=\"color: #000000;\">c)\u00a0 \u00a0 \u00a0 \u00a0 \u00a0learn the purpose of processing and whether it is used in accordance with its purpose,<\/span><br \/>\n<span style=\"color: #000000;\">d)\u00a0 \u00a0 \u00a0 \u00a0 \u00a0 \u00a0learn the third parties to whom it is transferred domestically \/ abroad,<\/span><br \/>\n<span style=\"color: #000000;\">e)\u00a0 \u00a0 \u00a0 \u00a0 \u00a0 \u00a0request correction if processed incompletely \/ incorrectly,<\/span><br \/>\n<span style=\"color: #000000;\">f)\u00a0 \u00a0 \u00a0 \u00a0 \u00a0 \u00a0 Personal Data Protection<\/span><\/p>\n<p><span style=\"color: #000000;\">You have the right to request deletion\/destruction within the framework of the conditions stipulated in Article 7 of the AS\u0130 Law,<\/span><br \/>\n<span style=\"color: #000000;\">g)\u00a0 \u00a0 \u00a0 \u00a0 \u00a0 \u00a0request notification of the above-mentioned transactions to third parties to whom the data is transferred,<\/span><br \/>\n<span style=\"color: #000000;\">h)\u00a0 \u00a0 \u00a0 \u00a0 \u00a0 \u00a0object to the emergence of a result against you due to analysis exclusively by automatic systems,<\/span><br \/>\n<span style=\"color: #000000;\">i)\u00a0 \u00a0 \u00a0 \u00a0 \u00a0 \u00a0 \u00a0to request compensation for the damages in case you suffer damages due to unlawful processing.<\/span><br \/>\n<span style=\"color: #000000;\">Your requests in your application will be finalized as soon as possible and within thirty days at the latest, depending on the nature of the request. If the transaction requires costs, the tariff determined by the Personal Data Protection Board will be applied. In case the request is rejected, the reason(s) for rejection shall be justified in writing or electronically.<\/span><br \/>\n<span style=\"color: #000000;\">6. Contact and Application Address<\/span><br \/>\n<span style=\"color: #000000;\">SRM POWER ENERJ\u0130 ELEKTR\u0130K PANO SANAY\u0130 VE DI\u015e T\u0130C. LTD.\u015eT\u0130.<\/span><br \/>\n<span style=\"color: #000000;\">Address: \u0130VED\u0130KOSB MAH. 1451 CAD. NO: 48 YEN\u0130MAHALLE \/ ANKARA<\/span><\/p>\n<p><span style=\"color: #000000;\">By opening this text to the access of the relevant persons through appropriate means, including publication on the website, SRM POWER ENERJ\u0130 ELEKTR\u0130K PAN\u00d6N SANAY\u0130 VE DI\u015e T\u0130C. LTD.\u015eT\u0130. <\/span><br \/>\n<span style=\"color: #000000;\">will be deemed to have fulfilled its obligation to inform with a unilateral declaration without being subject to the approval of the relevant person.<\/span>[\/vc_column_text][\/vc_column][\/vc_row]<\/p>\n<\/div>","protected":false},"excerpt":{"rendered":"<p>[vc_row][vc_column][vc_column_text]INFORMATION TEXT This information text has been written to inform you about the personal data processed by SRM POWER ENERJ\u0130 ELEKTR\u0130K PANO SANAY\u0130 VE DI\u015e T\u0130C. LTD.\u015eT\u0130. (Company), which has the title of data controller, in accordance with the Law on the Protection of Personal Data No. 6698 (\u201cKVKK\u201d). In this context, we would like [&hellip;]<\/p>\n","protected":false},"author":1,"featured_media":0,"parent":0,"menu_order":0,"comment_status":"closed","ping_status":"closed","template":"","meta":{"footnotes":""},"class_list":["post-1186","page","type-page","status-publish","hentry"],"_links":{"self":[{"href":"https:\/\/srmpower.com.tr\/en\/wp-json\/wp\/v2\/pages\/1186","targetHints":{"allow":["GET"]}}],"collection":[{"href":"https:\/\/srmpower.com.tr\/en\/wp-json\/wp\/v2\/pages"}],"about":[{"href":"https:\/\/srmpower.com.tr\/en\/wp-json\/wp\/v2\/types\/page"}],"author":[{"embeddable":true,"href":"https:\/\/srmpower.com.tr\/en\/wp-json\/wp\/v2\/users\/1"}],"replies":[{"embeddable":true,"href":"https:\/\/srmpower.com.tr\/en\/wp-json\/wp\/v2\/comments?post=1186"}],"version-history":[{"count":4,"href":"https:\/\/srmpower.com.tr\/en\/wp-json\/wp\/v2\/pages\/1186\/revisions"}],"predecessor-version":[{"id":1222,"href":"https:\/\/srmpower.com.tr\/en\/wp-json\/wp\/v2\/pages\/1186\/revisions\/1222"}],"wp:attachment":[{"href":"https:\/\/srmpower.com.tr\/en\/wp-json\/wp\/v2\/media?parent=1186"}],"curies":[{"name":"wp","href":"https:\/\/api.w.org\/{rel}","templated":true}]}}